{"id":20,"date":"2024-02-13T14:05:31","date_gmt":"2024-02-13T14:05:31","guid":{"rendered":"https:\/\/mktrading.com.br\/?page_id=20"},"modified":"2025-01-29T00:12:42","modified_gmt":"2025-01-29T00:12:42","slug":"blog","status":"publish","type":"page","link":"https:\/\/mktrading.com.br\/en\/blog\/","title":{"rendered":"Blog"},"content":{"rendered":"<div data-elementor-type=\"wp-page\" data-elementor-id=\"20\" class=\"elementor elementor-20\" data-elementor-settings=\"{&quot;ha_cmc_init_switcher&quot;:&quot;no&quot;}\" data-elementor-post-type=\"page\">\n\t\t\t\t<div class=\"elementor-element elementor-element-88d88d3 e-flex e-con-boxed e-con e-parent\" data-id=\"88d88d3\" data-element_type=\"container\" data-settings=\"{&quot;background_background&quot;:&quot;gradient&quot;,&quot;shape_divider_bottom&quot;:&quot;curve-asymmetrical&quot;,&quot;shape_divider_bottom_negative&quot;:&quot;yes&quot;}\">\n\t\t\t\t\t<div class=\"e-con-inner\">\n\t\t\t\t<div class=\"elementor-shape elementor-shape-bottom\" data-negative=\"true\">\n\t\t\t<svg xmlns=\"http:\/\/www.w3.org\/2000\/svg\" viewbox=\"0 0 1000 100\" preserveaspectratio=\"none\">\n\t<path class=\"elementor-shape-fill\" d=\"M615.2,96.7C240.2,97.8,0,18.9,0,0v100h1000V0C1000,19.2,989.8,96,615.2,96.7z\"\/>\n<\/svg>\t\t<\/div>\n\t\t<div class=\"elementor-element elementor-element-f1657b6 e-con-full e-flex e-con e-child\" data-id=\"f1657b6\" data-element_type=\"container\" data-settings=\"{&quot;background_background&quot;:&quot;classic&quot;}\">\n\t\t\t\t<div class=\"elementor-element elementor-element-c8fec96 elementor-widget__width-initial elementor-widget elementor-widget-image\" data-id=\"c8fec96\" data-element_type=\"widget\" data-widget_type=\"image.default\">\n\t\t\t\t<div class=\"elementor-widget-container\">\n\t\t\t\t\t\t\t\t\t\t\t\t\t\t\t\t<a href=\"https:\/\/mktrading.com.br\/en\">\n\t\t\t\t\t\t\t<img fetchpriority=\"high\" decoding=\"async\" width=\"365\" height=\"160\" src=\"https:\/\/mktrading.com.br\/wp-content\/uploads\/2024\/02\/MK-NovoLogo_branco.png\" class=\"attachment-large size-large wp-image-308\" alt=\"\" srcset=\"https:\/\/mktrading.com.br\/wp-content\/uploads\/2024\/02\/MK-NovoLogo_branco.png 365w, https:\/\/mktrading.com.br\/wp-content\/uploads\/2024\/02\/MK-NovoLogo_branco-300x132.png 300w\" sizes=\"(max-width: 365px) 100vw, 365px\" \/>\t\t\t\t\t\t\t\t<\/a>\n\t\t\t\t\t\t\t\t\t\t\t\t\t\t\t<\/div>\n\t\t\t\t<\/div>\n\t\t\t\t<div class=\"elementor-element elementor-element-20d7fe3 menu elementor-nav-menu--stretch elementor-nav-menu__text-align-center elementor-widget-tablet__width-initial elementor-widget-mobile__width-initial elementor-hidden-tablet elementor-hidden-mobile elementor-nav-menu--dropdown-tablet elementor-nav-menu--toggle elementor-nav-menu--burger elementor-widget elementor-widget-nav-menu\" data-id=\"20d7fe3\" data-element_type=\"widget\" data-settings=\"{&quot;full_width&quot;:&quot;stretch&quot;,&quot;layout&quot;:&quot;horizontal&quot;,&quot;submenu_icon&quot;:{&quot;value&quot;:&quot;&lt;svg class=\\&quot;e-font-icon-svg e-fas-caret-down\\&quot; viewBox=\\&quot;0 0 320 512\\&quot; xmlns=\\&quot;http:\\\/\\\/www.w3.org\\\/2000\\\/svg\\&quot;&gt;&lt;path d=\\&quot;M31.3 192h257.3c17.8 0 26.7 21.5 14.1 34.1L174.1 354.8c-7.8 7.8-20.5 7.8-28.3 0L17.2 226.1C4.6 213.5 13.5 192 31.3 192z\\&quot;&gt;&lt;\\\/path&gt;&lt;\\\/svg&gt;&quot;,&quot;library&quot;:&quot;fa-solid&quot;},&quot;toggle&quot;:&quot;burger&quot;}\" data-widget_type=\"nav-menu.default\">\n\t\t\t\t<div class=\"elementor-widget-container\">\n\t\t\t\t\t\t\t\t<nav aria-label=\"Menu\" class=\"elementor-nav-menu--main elementor-nav-menu__container elementor-nav-menu--layout-horizontal e--pointer-underline e--animation-drop-in\">\n\t\t\t\t<ul id=\"menu-1-20d7fe3\" class=\"elementor-nav-menu\"><li class=\"menu-item menu-item-type-post_type menu-item-object-page menu-item-home menu-item-30\"><a href=\"https:\/\/mktrading.com.br\/en\/\" class=\"elementor-item\">Home<\/a><\/li>\n<li class=\"menu-item menu-item-type-post_type menu-item-object-page menu-item-33\"><a href=\"https:\/\/mktrading.com.br\/en\/sobre-nos\/\" class=\"elementor-item\">About Us<\/a><\/li>\n<li class=\"menu-item menu-item-type-post_type menu-item-object-page menu-item-32\"><a href=\"https:\/\/mktrading.com.br\/en\/servicos\/\" class=\"elementor-item\">Services<\/a><\/li>\n<li class=\"menu-item menu-item-type-post_type menu-item-object-page menu-item-31\"><a href=\"https:\/\/mktrading.com.br\/en\/solucoes\/\" class=\"elementor-item\">Solutions<\/a><\/li>\n<li class=\"menu-item menu-item-type-post_type menu-item-object-page menu-item-28\"><a href=\"https:\/\/mktrading.com.br\/en\/blog\/\" class=\"elementor-item\">Blog<\/a><\/li>\n<li class=\"menu-item menu-item-type-post_type menu-item-object-page menu-item-29\"><a href=\"https:\/\/mktrading.com.br\/en\/contato\/\" class=\"elementor-item\">Contact<\/a><\/li>\n<li class=\"menu-item menu-item-type-custom menu-item-object-custom menu-item-1528\"><a href=\"https:\/\/app.mktrading.com.br\/\" class=\"elementor-item\">\u00c1rea do cliente<\/a><\/li>\n<li class=\"trp-language-switcher-container menu-item menu-item-type-post_type menu-item-object-language_switcher current-language-menu-item menu-item-1429\"><a href=\"https:\/\/mktrading.com.br\/en\/wp-json\/wp\/v2\/pages\/20\" class=\"elementor-item elementor-item-anchor\"><span data-no-translation><img decoding=\"async\" class=\"trp-flag-image\" src=\"https:\/\/mktrading.com.br\/wp-content\/plugins\/translatepress-multilingual\/assets\/images\/flags\/pt_BR.png\" width=\"18\" height=\"12\" alt=\"pt_BR\" title=\"Portuguese\"><\/span><\/a><\/li>\n<\/ul>\t\t\t<\/nav>\n\t\t\t\t\t<div class=\"elementor-menu-toggle\" role=\"button\" tabindex=\"0\" aria-label=\"Menu Toggle\" aria-expanded=\"false\">\n\t\t\t<svg aria-hidden=\"true\" role=\"presentation\" class=\"elementor-menu-toggle__icon--open e-font-icon-svg e-eicon-menu-bar\" viewbox=\"0 0 1000 1000\" xmlns=\"http:\/\/www.w3.org\/2000\/svg\"><path d=\"M104 333H896C929 333 958 304 958 271S929 208 896 208H104C71 208 42 237 42 271S71 333 104 333ZM104 583H896C929 583 958 554 958 521S929 458 896 458H104C71 458 42 487 42 521S71 583 104 583ZM104 833H896C929 833 958 804 958 771S929 708 896 708H104C71 708 42 737 42 771S71 833 104 833Z\"><\/path><\/svg><svg aria-hidden=\"true\" role=\"presentation\" class=\"elementor-menu-toggle__icon--close e-font-icon-svg e-eicon-close\" viewbox=\"0 0 1000 1000\" xmlns=\"http:\/\/www.w3.org\/2000\/svg\"><path d=\"M742 167L500 408 258 167C246 154 233 150 217 150 196 150 179 158 167 167 154 179 150 196 150 212 150 229 154 242 171 254L408 500 167 742C138 771 138 800 167 829 196 858 225 858 254 829L496 587 738 829C750 842 767 846 783 846 800 846 817 842 829 829 842 817 846 804 846 783 846 767 842 750 829 737L588 500 833 258C863 229 863 200 833 171 804 137 775 137 742 167Z\"><\/path><\/svg>\t\t<\/div>\n\t\t\t\t\t<nav class=\"elementor-nav-menu--dropdown elementor-nav-menu__container\" aria-hidden=\"true\">\n\t\t\t\t<ul id=\"menu-2-20d7fe3\" class=\"elementor-nav-menu\"><li class=\"menu-item menu-item-type-post_type menu-item-object-page menu-item-home menu-item-30\"><a href=\"https:\/\/mktrading.com.br\/en\/\" class=\"elementor-item\" tabindex=\"-1\">Home<\/a><\/li>\n<li class=\"menu-item menu-item-type-post_type menu-item-object-page menu-item-33\"><a href=\"https:\/\/mktrading.com.br\/en\/sobre-nos\/\" class=\"elementor-item\" tabindex=\"-1\">About Us<\/a><\/li>\n<li class=\"menu-item menu-item-type-post_type menu-item-object-page menu-item-32\"><a href=\"https:\/\/mktrading.com.br\/en\/servicos\/\" class=\"elementor-item\" tabindex=\"-1\">Services<\/a><\/li>\n<li class=\"menu-item menu-item-type-post_type menu-item-object-page menu-item-31\"><a href=\"https:\/\/mktrading.com.br\/en\/solucoes\/\" class=\"elementor-item\" tabindex=\"-1\">Solutions<\/a><\/li>\n<li class=\"menu-item menu-item-type-post_type menu-item-object-page menu-item-28\"><a href=\"https:\/\/mktrading.com.br\/en\/blog\/\" class=\"elementor-item\" tabindex=\"-1\">Blog<\/a><\/li>\n<li class=\"menu-item menu-item-type-post_type menu-item-object-page menu-item-29\"><a href=\"https:\/\/mktrading.com.br\/en\/contato\/\" class=\"elementor-item\" tabindex=\"-1\">Contact<\/a><\/li>\n<li class=\"menu-item menu-item-type-custom menu-item-object-custom menu-item-1528\"><a href=\"https:\/\/app.mktrading.com.br\/\" class=\"elementor-item\" tabindex=\"-1\">\u00c1rea do cliente<\/a><\/li>\n<li class=\"trp-language-switcher-container menu-item menu-item-type-post_type menu-item-object-language_switcher current-language-menu-item menu-item-1429\"><a href=\"https:\/\/mktrading.com.br\/en\/wp-json\/wp\/v2\/pages\/20\" class=\"elementor-item elementor-item-anchor\" tabindex=\"-1\"><span data-no-translation><img decoding=\"async\" class=\"trp-flag-image\" src=\"https:\/\/mktrading.com.br\/wp-content\/plugins\/translatepress-multilingual\/assets\/images\/flags\/pt_BR.png\" width=\"18\" height=\"12\" alt=\"pt_BR\" title=\"Portuguese\"><\/span><\/a><\/li>\n<\/ul>\t\t\t<\/nav>\n\t\t\t\t\t\t<\/div>\n\t\t\t\t<\/div>\n\t\t\t\t<\/div>\n\t\t\t\t\t<\/div>\n\t\t\t\t<\/div>\n\t\t<div class=\"elementor-element elementor-element-74fc0f3 e-flex e-con-boxed e-con e-parent\" data-id=\"74fc0f3\" data-element_type=\"container\">\n\t\t\t\t\t<div class=\"e-con-inner\">\n\t\t\t\t<div class=\"elementor-element elementor-element-37193e6 elementor-posts--align-left elementor-grid-3 elementor-grid-tablet-2 elementor-grid-mobile-1 elementor-posts--thumbnail-top elementor-widget elementor-widget-posts\" data-id=\"37193e6\" data-element_type=\"widget\" data-settings=\"{&quot;pagination_type&quot;:&quot;load_more_infinite_scroll&quot;,&quot;classic_columns&quot;:&quot;3&quot;,&quot;classic_columns_tablet&quot;:&quot;2&quot;,&quot;classic_columns_mobile&quot;:&quot;1&quot;,&quot;classic_row_gap&quot;:{&quot;unit&quot;:&quot;px&quot;,&quot;size&quot;:35,&quot;sizes&quot;:[]},&quot;classic_row_gap_laptop&quot;:{&quot;unit&quot;:&quot;px&quot;,&quot;size&quot;:&quot;&quot;,&quot;sizes&quot;:[]},&quot;classic_row_gap_tablet&quot;:{&quot;unit&quot;:&quot;px&quot;,&quot;size&quot;:&quot;&quot;,&quot;sizes&quot;:[]},&quot;classic_row_gap_mobile&quot;:{&quot;unit&quot;:&quot;px&quot;,&quot;size&quot;:&quot;&quot;,&quot;sizes&quot;:[]},&quot;load_more_spinner&quot;:{&quot;value&quot;:&quot;fas fa-spinner&quot;,&quot;library&quot;:&quot;fa-solid&quot;}}\" data-widget_type=\"posts.classic\">\n\t\t\t\t<div class=\"elementor-widget-container\">\n\t\t\t\t\t\t\t<div class=\"elementor-posts-container elementor-posts elementor-posts--skin-classic elementor-grid\">\n\t\t\t\t<article class=\"elementor-post elementor-grid-item post-1519 post type-post status-publish format-standard has-post-thumbnail hentry category-classificacao-fiscal category-comercio-exterior category-importacao tag-classificacao-fiscal tag-comex tag-importacao tag-mk-trading tag-ncm\">\n\t\t\t\t<a class=\"elementor-post__thumbnail__link\" href=\"https:\/\/mktrading.com.br\/en\/classificacao-fiscal-de-mercadorias-como-selecionar-a-ncm-correta\/\" tabindex=\"-1\" >\n\t\t\t<div class=\"elementor-post__thumbnail\"><img decoding=\"async\" width=\"768\" height=\"765\" src=\"https:\/\/mktrading.com.br\/wp-content\/uploads\/2025\/06\/mercosul-1-768x765.jpg\" class=\"attachment-medium_large size-medium_large wp-image-1522\" alt=\"Imagem cruzeiro do sul com dizer NCM Mercosul.\" srcset=\"https:\/\/mktrading.com.br\/wp-content\/uploads\/2025\/06\/mercosul-1-768x765.jpg 768w, https:\/\/mktrading.com.br\/wp-content\/uploads\/2025\/06\/mercosul-1-300x300.jpg 300w, https:\/\/mktrading.com.br\/wp-content\/uploads\/2025\/06\/mercosul-1-150x150.jpg 150w, https:\/\/mktrading.com.br\/wp-content\/uploads\/2025\/06\/mercosul-1-12x12.jpg 12w, https:\/\/mktrading.com.br\/wp-content\/uploads\/2025\/06\/mercosul-1.jpg 996w\" sizes=\"(max-width: 768px) 100vw, 768px\" \/><\/div>\n\t\t<\/a>\n\t\t\t\t<div class=\"elementor-post__text\">\n\t\t\t\t<h3 class=\"elementor-post__title\">\n\t\t\t<a href=\"https:\/\/mktrading.com.br\/en\/classificacao-fiscal-de-mercadorias-como-selecionar-a-ncm-correta\/\" >\n\t\t\t\tClassifica\u00e7\u00e3o Fiscal de Mercadorias: Como Selecionar a NCM Correta\t\t\t<\/a>\n\t\t<\/h3>\n\t\t\n\t\t<a class=\"elementor-post__read-more\" href=\"https:\/\/mktrading.com.br\/en\/classificacao-fiscal-de-mercadorias-como-selecionar-a-ncm-correta\/\" aria-label=\"Read more about Classifica\u00e7\u00e3o Fiscal de Mercadorias: Como Selecionar a NCM Correta\" tabindex=\"-1\" >\n\t\t\tVeja mais\t\t<\/a>\n\n\t\t\t\t<\/div>\n\t\t\t\t<\/article>\n\t\t\t\t<article class=\"elementor-post elementor-grid-item post-1510 post type-post status-publish format-standard has-post-thumbnail hentry category-uncategorized\">\n\t\t\t\t<a class=\"elementor-post__thumbnail__link\" href=\"https:\/\/mktrading.com.br\/en\/atuacao-do-mapa-no-comercio-exterior-brasileiro\/\" tabindex=\"-1\" >\n\t\t\t<div class=\"elementor-post__thumbnail\"><img loading=\"lazy\" decoding=\"async\" width=\"768\" height=\"459\" src=\"https:\/\/mktrading.com.br\/wp-content\/uploads\/2025\/03\/MAPA-768x459.webp\" class=\"attachment-medium_large size-medium_large wp-image-1513\" alt=\"\" srcset=\"https:\/\/mktrading.com.br\/wp-content\/uploads\/2025\/03\/MAPA-768x459.webp 768w, https:\/\/mktrading.com.br\/wp-content\/uploads\/2025\/03\/MAPA-300x179.webp 300w, https:\/\/mktrading.com.br\/wp-content\/uploads\/2025\/03\/MAPA-1024x613.webp 1024w, https:\/\/mktrading.com.br\/wp-content\/uploads\/2025\/03\/MAPA-18x12.webp 18w, https:\/\/mktrading.com.br\/wp-content\/uploads\/2025\/03\/MAPA.webp 1170w\" sizes=\"(max-width: 768px) 100vw, 768px\" \/><\/div>\n\t\t<\/a>\n\t\t\t\t<div class=\"elementor-post__text\">\n\t\t\t\t<h3 class=\"elementor-post__title\">\n\t\t\t<a href=\"https:\/\/mktrading.com.br\/en\/atuacao-do-mapa-no-comercio-exterior-brasileiro\/\" >\n\t\t\t\tAtua\u00e7\u00e3o do MAPA no Com\u00e9rcio Exterior Brasileiro\t\t\t<\/a>\n\t\t<\/h3>\n\t\t\n\t\t<a class=\"elementor-post__read-more\" href=\"https:\/\/mktrading.com.br\/en\/atuacao-do-mapa-no-comercio-exterior-brasileiro\/\" aria-label=\"Read more about Atua\u00e7\u00e3o do MAPA no Com\u00e9rcio Exterior Brasileiro\" tabindex=\"-1\" >\n\t\t\tVeja mais\t\t<\/a>\n\n\t\t\t\t<\/div>\n\t\t\t\t<\/article>\n\t\t\t\t<article class=\"elementor-post elementor-grid-item post-1504 post type-post status-publish format-standard has-post-thumbnail hentry category-uncategorized tag-acordo-comercial tag-comex tag-mercosul tag-uniao-europeia\">\n\t\t\t\t<a class=\"elementor-post__thumbnail__link\" href=\"https:\/\/mktrading.com.br\/en\/acordo-comercial-mercosul-x-ue-o-que-esperar\/\" tabindex=\"-1\" >\n\t\t\t<div class=\"elementor-post__thumbnail\"><img loading=\"lazy\" decoding=\"async\" width=\"768\" height=\"451\" src=\"https:\/\/mktrading.com.br\/wp-content\/uploads\/2025\/02\/Mercosul-x-UE-768x451.jpg\" class=\"attachment-medium_large size-medium_large wp-image-1507\" alt=\"Bandeiras Mercosul e Uni\u00e3o Europeia lado a lado com c\u00e9u azul ao fundo\" srcset=\"https:\/\/mktrading.com.br\/wp-content\/uploads\/2025\/02\/Mercosul-x-UE-768x451.jpg 768w, https:\/\/mktrading.com.br\/wp-content\/uploads\/2025\/02\/Mercosul-x-UE-300x176.jpg 300w, https:\/\/mktrading.com.br\/wp-content\/uploads\/2025\/02\/Mercosul-x-UE-18x12.jpg 18w, https:\/\/mktrading.com.br\/wp-content\/uploads\/2025\/02\/Mercosul-x-UE.jpg 811w\" sizes=\"(max-width: 768px) 100vw, 768px\" \/><\/div>\n\t\t<\/a>\n\t\t\t\t<div class=\"elementor-post__text\">\n\t\t\t\t<h3 class=\"elementor-post__title\">\n\t\t\t<a href=\"https:\/\/mktrading.com.br\/en\/acordo-comercial-mercosul-x-ue-o-que-esperar\/\" >\n\t\t\t\tAcordo Comercial Mercosul x UE, o que Esperar?\t\t\t<\/a>\n\t\t<\/h3>\n\t\t\n\t\t<a class=\"elementor-post__read-more\" href=\"https:\/\/mktrading.com.br\/en\/acordo-comercial-mercosul-x-ue-o-que-esperar\/\" aria-label=\"Read more about Acordo Comercial Mercosul x UE, o que Esperar?\" tabindex=\"-1\" >\n\t\t\tVeja mais\t\t<\/a>\n\n\t\t\t\t<\/div>\n\t\t\t\t<\/article>\n\t\t\t\t<article class=\"elementor-post elementor-grid-item post-1473 post type-post status-publish format-standard has-post-thumbnail hentry category-uncategorized\">\n\t\t\t\t<a class=\"elementor-post__thumbnail__link\" href=\"https:\/\/mktrading.com.br\/en\/5-dicas-essenciais-para-expandir-seus-negocios-no-mercado-internacional\/\" tabindex=\"-1\" >\n\t\t\t<div class=\"elementor-post__thumbnail\"><img loading=\"lazy\" decoding=\"async\" width=\"768\" height=\"529\" src=\"https:\/\/mktrading.com.br\/wp-content\/uploads\/2024\/04\/industrial-port-container-yard-768x529.jpg\" class=\"attachment-medium_large size-medium_large wp-image-513\" alt=\"\" srcset=\"https:\/\/mktrading.com.br\/wp-content\/uploads\/2024\/04\/industrial-port-container-yard-768x529.jpg 768w, https:\/\/mktrading.com.br\/wp-content\/uploads\/2024\/04\/industrial-port-container-yard-300x207.jpg 300w, https:\/\/mktrading.com.br\/wp-content\/uploads\/2024\/04\/industrial-port-container-yard-1024x706.jpg 1024w, https:\/\/mktrading.com.br\/wp-content\/uploads\/2024\/04\/industrial-port-container-yard-1536x1058.jpg 1536w, https:\/\/mktrading.com.br\/wp-content\/uploads\/2024\/04\/industrial-port-container-yard-2048x1411.jpg 2048w\" sizes=\"(max-width: 768px) 100vw, 768px\" \/><\/div>\n\t\t<\/a>\n\t\t\t\t<div class=\"elementor-post__text\">\n\t\t\t\t<h3 class=\"elementor-post__title\">\n\t\t\t<a href=\"https:\/\/mktrading.com.br\/en\/5-dicas-essenciais-para-expandir-seus-negocios-no-mercado-internacional\/\" >\n\t\t\t\t5 Dicas Essenciais para Expandir Seus Neg\u00f3cios no Mercado Internacional\t\t\t<\/a>\n\t\t<\/h3>\n\t\t\n\t\t<a class=\"elementor-post__read-more\" href=\"https:\/\/mktrading.com.br\/en\/5-dicas-essenciais-para-expandir-seus-negocios-no-mercado-internacional\/\" aria-label=\"Read more about 5 Dicas Essenciais para Expandir Seus Neg\u00f3cios no Mercado Internacional\" tabindex=\"-1\" >\n\t\t\tVeja mais\t\t<\/a>\n\n\t\t\t\t<\/div>\n\t\t\t\t<\/article>\n\t\t\t\t<\/div>\n\t\t\t\t\t<span class=\"e-load-more-spinner\">\n\t\t\t\t<svg aria-hidden=\"true\" class=\"e-font-icon-svg e-fas-spinner\" viewbox=\"0 0 512 512\" xmlns=\"http:\/\/www.w3.org\/2000\/svg\"><path d=\"M304 48c0 26.51-21.49 48-48 48s-48-21.49-48-48 21.49-48 48-48 48 21.49 48 48zm-48 368c-26.51 0-48 21.49-48 48s21.49 48 48 48 48-21.49 48-48-21.49-48-48-48zm208-208c-26.51 0-48 21.49-48 48s21.49 48 48 48 48-21.49 48-48-21.49-48-48-48zM96 256c0-26.51-21.49-48-48-48S0 229.49 0 256s21.49 48 48 48 48-21.49 48-48zm12.922 99.078c-26.51 0-48 21.49-48 48s21.49 48 48 48 48-21.49 48-48c0-26.509-21.491-48-48-48zm294.156 0c-26.51 0-48 21.49-48 48s21.49 48 48 48 48-21.49 48-48c0-26.509-21.49-48-48-48zM108.922 60.922c-26.51 0-48 21.49-48 48s21.49 48 48 48 48-21.49 48-48-21.491-48-48-48z\"><\/path><\/svg>\t\t\t<\/span>\n\t\t\n\t\t\t\t\t\t<\/div>\n\t\t\t\t<\/div>\n\t\t\t\t\t<\/div>\n\t\t\t\t<\/div>\n\t\t\t\t<\/div>","protected":false},"excerpt":{"rendered":"","protected":false},"author":1,"featured_media":0,"parent":0,"menu_order":0,"comment_status":"closed","ping_status":"closed","template":"elementor_header_footer","meta":{"_seopress_robots_primary_cat":"","_seopress_titles_title":"","_seopress_titles_desc":"","_seopress_robots_index":"","_joinchat":[],"footnotes":""},"class_list":["post-20","page","type-page","status-publish","hentry"],"_links":{"self":[{"href":"https:\/\/mktrading.com.br\/en\/wp-json\/wp\/v2\/pages\/20","targetHints":{"allow":["GET"]}}],"collection":[{"href":"https:\/\/mktrading.com.br\/en\/wp-json\/wp\/v2\/pages"}],"about":[{"href":"https:\/\/mktrading.com.br\/en\/wp-json\/wp\/v2\/types\/page"}],"author":[{"embeddable":true,"href":"https:\/\/mktrading.com.br\/en\/wp-json\/wp\/v2\/users\/1"}],"replies":[{"embeddable":true,"href":"https:\/\/mktrading.com.br\/en\/wp-json\/wp\/v2\/comments?post=20"}],"version-history":[{"count":31,"href":"https:\/\/mktrading.com.br\/en\/wp-json\/wp\/v2\/pages\/20\/revisions"}],"predecessor-version":[{"id":1497,"href":"https:\/\/mktrading.com.br\/en\/wp-json\/wp\/v2\/pages\/20\/revisions\/1497"}],"wp:attachment":[{"href":"https:\/\/mktrading.com.br\/en\/wp-json\/wp\/v2\/media?parent=20"}],"curies":[{"name":"wp","href":"https:\/\/api.w.org\/{rel}","templated":true}]}}